{"id":15444,"date":"2022-01-15T16:38:27","date_gmt":"2022-01-15T21:38:27","guid":{"rendered":"https:\/\/geozonamkt.com\/?page_id=15444"},"modified":"2022-01-15T16:43:53","modified_gmt":"2022-01-15T21:43:53","slug":"aviso-de-privacidad","status":"publish","type":"page","link":"https:\/\/geozonamkt.com\/?page_id=15444","title":{"rendered":"Aviso de Privacidad"},"content":{"rendered":"\t\t<div data-elementor-type=\"wp-page\" data-elementor-id=\"15444\" class=\"elementor elementor-15444\" data-elementor-post-type=\"page\">\n\t\t\t\t\t\t<section class=\"elementor-section elementor-top-section elementor-element elementor-element-a44d0d8 elementor-section-boxed elementor-section-height-default elementor-section-height-default\" data-id=\"a44d0d8\" data-element_type=\"section\" data-e-type=\"section\">\n\t\t\t\t\t\t<div class=\"elementor-container elementor-column-gap-default\">\n\t\t\t\t\t<div class=\"elementor-column elementor-col-100 elementor-top-column elementor-element elementor-element-af1ca26\" data-id=\"af1ca26\" data-element_type=\"column\" data-e-type=\"column\">\n\t\t\t<div class=\"elementor-widget-wrap elementor-element-populated\">\n\t\t\t\t\t\t<div class=\"elementor-element elementor-element-cef8870 elementor-widget elementor-widget-heading\" data-id=\"cef8870\" data-element_type=\"widget\" data-e-type=\"widget\" data-widget_type=\"heading.default\">\n\t\t\t\t<div class=\"elementor-widget-container\">\n\t\t\t\t\t<h2 class=\"elementor-heading-title elementor-size-default\">Aviso de Privacidad<\/h2>\t\t\t\t<\/div>\n\t\t\t\t<\/div>\n\t\t\t\t<div class=\"elementor-element elementor-element-71c8918 elementor-widget elementor-widget-text-editor\" data-id=\"71c8918\" data-element_type=\"widget\" data-e-type=\"widget\" data-widget_type=\"text-editor.default\">\n\t\t\t\t<div class=\"elementor-widget-container\">\n\t\t\t\t\t\t\t\t\t<p id=\"particulos\">El presente aviso de privacidad regula la forma en que trataremos los datos que nos proporciones y aquellos que, con fines estad\u00edsticos, recabemos cuando ingreses y utilice nuestros sitio; geozonamkt.com es un sitio de Geozona Marketing S.A. de C.V. (\u201dGMSA\u201d)<\/p><p id=\"particulos\"><strong>1. De tus datos<\/strong><\/p><p id=\"particulos\">\u201cGMSA\u201d se compromete a no vender, intercambiar, transferir, compartir, publicar o difundir a terceros ajenos a \u201cGMSA\u201d, sin tu autorizaci\u00f3n, los datos que nos proporciones mediante los formularios de registro o de contacto de nuestro sitio. Tus datos son tuyos. La \u00fanica forma en que nos ver\u00edamos obligados a revelar tus datos es mediante la orden de una autoridad competente.\u00a0<\/p><p id=\"particulos\"><strong>2. De tu autorizaci\u00f3n<\/strong><\/p><p id=\"particulos\">Al registrarte para utilizar nuestros sitios, autorizas a \u201cGMSA\u201d a recabar y tratar los datos personales especificados en el punto cinco del presente aviso de privacidad para los fines mencionados en el punto cuatro de este mismo aviso. As\u00ed mismo, tu registro constituye tu conformidad y aceptaci\u00f3n de nuestro aviso de privacidad y las modificaciones que eventualmente pueda llegar a tener.<\/p><p id=\"particulos\"><strong>3. De tus derechos ARCO (acceso, rectificaci\u00f3n, cancelaci\u00f3n y oposici\u00f3n) y c\u00f3mo ejercerlos<\/strong><\/p><p id=\"particulos\">En todo momento, mediante el acceso a tu cuenta, podr\u00e1s acceder, rectificar o cancelar el registro de los datos que nos has proporcionado. De la misma forma, podr\u00e1s oponerte a que tus datos contin\u00faen en nuestra base y darte de baja de la misma. Si tienes alguna duda o no puedes acceder a tu cuenta o tus datos, por favor env\u00eda un correo electr\u00f3nico a hola@geozonamkt.com o env\u00eda una carta a Geozona Marketing S.A. de C.V. , Aniceto Ortega 817 Col. Del Valle C.P. 03100 en atenci\u00f3n al Departamento de Atenci\u00f3n a Usuarios o comun\u00edcate por tel\u00e9fono a nuestras oficinas al n\u00famero (55) 3600 5289.<\/p><p id=\"particulos\"><strong>4. Del uso de tu informaci\u00f3n por parte de GMSA<\/strong><\/p><p id=\"particulos\">La informaci\u00f3n personal que nos proporciones ser\u00e1 utilizada para:<br \/>a) Contactarte sobre cuestiones relacionadas con tu servicio o trabajo.<br \/>b) Hacerte llegar comunicaciones sobre eventos, promociones o noticias de \u201cGMSA\u201d o sus aliados comerciales con fines de mercadotecnia, publicidad o prospecci\u00f3n comercial.<br \/>c) Personalizar tu experiencia en la navegaci\u00f3n de nuestros sitios.<br \/>d) Facilitar el proceso de compras a trav\u00e9s de nuestro sitio. <br \/>e) Notificarte los cambios que puedan darse en nuestro aviso de privacidad.<\/p><p id=\"particulos\">Las finalidades se\u00f1aladas en los incisos a y e son necesarias para la existencia, mantenimiento y cumplimiento de la relaci\u00f3n entre t\u00fa, como usuario de nuestros sitios, y \u201cGMSA\u201d.<\/p><p id=\"particulos\">Las finalidades se\u00f1aladas en los incisos b, c y d no son necesarias para la existencia, mantenimiento y cumplimiento de la relaci\u00f3n entre t\u00fa, como usuario de nuestros sitios, y \u201cGMSA\u201d, pero s\u00ed son necesarios para mejorar tu experiencia en relaci\u00f3n a nuestros productos y servicios.<\/p><p id=\"particulos\"><strong>5. De la informaci\u00f3n que recolectamos\u00a0 <\/strong><\/p><p id=\"particulos\">La informaci\u00f3n que recolectamos y cuyo tratamiento regula el presente aviso de privacidad es la siguiente:<br \/>Para tu suscripci\u00f3n al bolet\u00edn de nuestro sitio recabamos tu correo electr\u00f3nico. Si deseas suscribirte a nuestro bolet\u00edn utilizando tu usuario y contrase\u00f1a de Facebook o Gmail, adem\u00e1s de tu correo electr\u00f3nico recabaremos tu nombre de usuario, nombre y apellidos.<br \/>Para ponernos en contacto contigo en relaci\u00f3n a alg\u00fan comentario o sugerencia que nos hagas mediante nuestro formato de contacto, recabamos tu nombre, apellidos y correo electr\u00f3nico.<br \/>Para personalizar tu experiencia en la navegaci\u00f3n de nuestro sitio recabamos el sistema operativo que utilizas, el navegador con que nos visitas, las p\u00e1ginas y art\u00edculos que visitas dentro de nuestro sitio, el tiempo que nos haces favor de permanecer en nuestro sitio, los art\u00edculos que marcas como favoritos, los art\u00edculos que compartes en alguna red social mediante la herramienta que proporcionamos en cada art\u00edculo, direcci\u00f3n IP, nombre de usuario y contrase\u00f1a.<\/p><p id=\"particulos\">Para facilitar el proceso de compra a trav\u00e9s de nuestro sitio recabamos tu nombre, apellidos, domicilio, n\u00famero de tarjeta de cr\u00e9dito o d\u00e9bito, fecha de expiraci\u00f3n de tu tarjeta de cr\u00e9dito o d\u00e9bito, el c\u00f3digo de verificaci\u00f3n de tu tarjeta de cr\u00e9dito o d\u00e9bito, tipo de tarjeta de cr\u00e9dito o d\u00e9bito e instituci\u00f3n emisora de tu tarjeta de cr\u00e9dito o d\u00e9bito.<\/p><p id=\"particulos\">Para enviarte informaci\u00f3n sobre eventos, promociones o noticias sobre \u201cGMSA\u201d o nuestros aliados comerciales, recabamos tu correo electr\u00f3nico.<\/p><p id=\"particulos\">Para notificarte los cambios que puedan darse en nuestro aviso de privacidad recabamos tu correo electr\u00f3nico.<\/p><p id=\"particulos\"><strong>6. Cookies <\/strong><\/p><p id=\"particulos\">Si lo autorizas y la configuraci\u00f3n de tu m\u00e1quina nos lo permite, enviaremos un archivo llamado \u201ccookie\u201d que se instalar\u00e1 en tu disco duro para permitirnos identificar las preferencias que hayas seleccionado, en su caso nuestras y de terceros, para mejorar tu experiencia en nuestro sitio conforme a la informaci\u00f3n mencionada en el inciso c) del punto 5 de este aviso de privacidad. Ninguna de la informaci\u00f3n que se almacene en el \u201ccookie\u201d ser\u00e1 divulgada por \u201cGMSA\u201d.<\/p><p id=\"particulos\">Si no deseas que se instale nuestra \u201ccookie\u201d o deseas borrar aquella que ya se haya instalado con tu autorizaci\u00f3n, deber\u00e1s hacer lo siguiente:<\/p><p id=\"particulos\">Para no dejar que se instale nuestro \u201ccookie\u201d deber\u00e1s configurar tu navegador para no aceptar cookies del sitio outstoremarketing.com.<\/p><p id=\"particulos\">Para borrar el \u201ccookie\u201d que se haya instalado con tu autorizaci\u00f3n deber\u00e1s de ingresar a las preferencias de tu navegador, ubicar la pesta\u00f1a o secci\u00f3n de administraci\u00f3n de \u201ccookies\u201d y borrar el \u201ccookie\u201d correspondiente al sitio outstoremarketing.com.<\/p><p id=\"particulos\">Al borrar o impedir que se instale el \u201ccookie\u201d de nuestro sitio, puedes perder la configuraci\u00f3n que hayas realizado para personalizar tu experiencia en nuestro sitio o impedir dicha personalizaci\u00f3n.<\/p><p id=\"particulos\"><strong>7. Activaci\u00f3n de cuenta<\/strong><\/p><p id=\"particulos\">Por cuestiones de seguridad, al darte de alta en nuestro sitio y consentir el tratamiento de tus datos conforme al presente aviso de privacidad, te ser\u00e1 enviado un correo de verificaci\u00f3n y validaci\u00f3n que deber\u00e1s de confirmar para concluir tu aceptaci\u00f3n y registro.<\/p><p id=\"particulos\"><strong>8. Garant\u00eda de seguridad <\/strong><\/p><p id=\"particulos\">No obstante que \u201cGMSA\u201d utiliza la tecnolog\u00eda m\u00e1s avanzada para salvaguardar los datos que nos proporcionas, existe la probabilidad de que pueda haber un defecto en la programaci\u00f3n de las aplicaciones que utilizamos, que permita el acceso forzado a la informaci\u00f3n. Aun y cuando esta situaci\u00f3n se llegara a dar, tus datos est\u00e1n protegidos mediante procesos de cifrado avanzado que hacen imposible la recuperaci\u00f3n \u00fatil de la informaci\u00f3n por un tercero ajeno a \u201cGMSA\u201d. Nuestra garant\u00eda es hacer todo lo que razonablemente est\u00e9 a nuestro alcance para resguardar tus datos.<\/p><p id=\"particulos\"><strong>9. Informaci\u00f3n de otros sitios<\/strong><\/p><p id=\"particulos\">Debes tomar en cuenta que la informaci\u00f3n que alimentas en sitios ajenos a \u201cGMSA\u201d puede coincidir con aquella que has alimentado o alimentar\u00e1s en los formularios de \u201cGMSA\u201d. En consecuencia, debes estar consciente y ser responsable de tener el mismo cuidado que tienes con tu informaci\u00f3n en los sitios de \u201cGMSA\u201d, en los dem\u00e1s sitios en los que navegues o alimentes informaci\u00f3n de cualquier tipo.<\/p><p id=\"particulos\"><strong>10. Cambios en la pol\u00edtica <\/strong><\/p><p id=\"particulos\">Es posible que, eventualmente, se realicen cambios a la presente pol\u00edtica de privacidad. Te sugerimos visitar frecuentemente esta p\u00e1gina para estar al tanto de los posibles cambios o modificaciones que pudiera haber. No te preocupes, con todo y cambios, tu informaci\u00f3n estar\u00e1 segura con \u201cGMSA\u201d.<\/p><p id=\"particulos\">Adem\u00e1s, cuando se den cambios en nuestro aviso de privacidad, te lo notificaremos al correo electr\u00f3nico que tengas registrado con nosotros. De esa forma, siempre estar\u00e1s al tanto de la \u00faltima versi\u00f3n de nuestro aviso de privacidad.<\/p><p id=\"particulos\"><strong>11. Contacto y Encargado <\/strong><\/p><p id=\"particulos\">Si tienes alguna duda o preocupaci\u00f3n en relaci\u00f3n a la presente pol\u00edtica de privacidad o la forma en que manejamos los datos que nos proporcionas o recolectamos, por favor env\u00edanos un mensaje al Departamento de Atenci\u00f3n a Usuarios que es el encargado de gestionar los datos recabados en nuestras bases. Para contactarlo, solo tienes que enviar un correo electr\u00f3nico a hola@geozonamkt.com. Nuestro compromiso es contestarte en un plazo no mayor a 48 horas, salvo en caso de una excesiva carga de trabajo, caso fortuito o de fuerza mayor.<\/p><p id=\"particulos\"><strong>12. Identidad y Domicilio convencional<\/strong><\/p><p id=\"particulos\">Tus datos son tratados y resguardados por Geozona Marketing SA de CV, Aniceto Ortega 817 Col. Del Valle C.P. 03100 Ciudad de M\u00e9xico.<\/p><p id=\"particulos\"><strong>13. L\u00edmites en el uso o divulgaci\u00f3n de tus datos<\/strong><\/p><p id=\"particulos\">Puedes solicitar la limitaci\u00f3n en el uso de tus datos personales enviando un correo electr\u00f3nico a hola@outstoremarketing.com o mediante correo postal a Geozona Marketing SA de CV, Aniceto Ortega 817 Col. Del Valle C.P. 03100 Ciudad de M\u00e9xico, en atenci\u00f3n al Departamento de Atenci\u00f3n a Usuarios.<\/p><p id=\"particulos\">Ten en cuenta que al limitar el uso de tus datos es posible que no podamos continuar prest\u00e1ndote uno o m\u00e1s de los servicios que hayas solicitado y para los que se necesitan los datos cuyo uso est\u00e1s limitando.<\/p><p id=\"particulos\"><strong>14. Transferencia de tus datos<\/strong><\/p><p id=\"particulos\">Al aceptar el presente aviso de privacidad, autorizas a \u201cGMSA\u201d a transferir los datos que nos proporciones o aquellos que recolectemos, a sus socios comerciales. En todo momento, \u201cGMSA\u201d se asegurar\u00e1 de que sus socios comerciales conozcan el presente aviso de privacidad y se obliguen a acatarlo y respetarlo.<\/p><p id=\"particulos\">Si deseas revocar esta autorizaci\u00f3n, te pedimos sigas el procedimiento establecido en el punto 15 de este aviso de privacidad.<\/p><p id=\"particulos\"><strong>15. Revocaci\u00f3n de tu consentimiento <\/strong><\/p><p id=\"particulos\">En cualquier momento, puedes revocar la autorizaci\u00f3n que nos hayas dado para el tratamiento de tus datos personales. La manera en que puedes llevar a cabo dicha revocaci\u00f3n de autorizaci\u00f3n es solicit\u00e1ndolo mediante correo electr\u00f3nico a hola@geozonamkt.com o mediante correo postal a Geozona Marketing SA de CV, Aniceto Ortega 817 Col. Del Valle C.P. 03100 Ciudad de M\u00e9xico, en atenci\u00f3n al Departamento de Atenci\u00f3n a Usuarios.<\/p><p id=\"particulos\">Ten en cuenta que al revocar tu autorizaci\u00f3n es posible que no nos sea posible seguir prest\u00e1ndote el o los servicios para los que utilizamos los datos que recabamos.<\/p>\t\t\t\t\t\t\t\t<\/div>\n\t\t\t\t<\/div>\n\t\t\t\t\t<\/div>\n\t\t<\/div>\n\t\t\t\t\t<\/div>\n\t\t<\/section>\n\t\t\t\t<\/div>\n\t\t","protected":false},"excerpt":{"rendered":"<p>Aviso de Privacidad El presente aviso de privacidad regula la forma en que trataremos los datos que nos proporciones y aquellos que, con fines estad\u00edsticos, recabemos cuando ingreses y utilice nuestros sitio; geozonamkt.com es un sitio de Geozona Marketing S.A. de C.V. (\u201dGMSA\u201d) 1. De tus datos \u201cGMSA\u201d se compromete a no vender, intercambiar, transferir, [&hellip;]<\/p>\n","protected":false},"author":1,"featured_media":0,"parent":0,"menu_order":0,"comment_status":"closed","ping_status":"closed","template":"elementor_header_footer","meta":{"footnotes":""},"class_list":["post-15444","page","type-page","status-publish","hentry"],"_links":{"self":[{"href":"https:\/\/geozonamkt.com\/index.php?rest_route=\/wp\/v2\/pages\/15444","targetHints":{"allow":["GET"]}}],"collection":[{"href":"https:\/\/geozonamkt.com\/index.php?rest_route=\/wp\/v2\/pages"}],"about":[{"href":"https:\/\/geozonamkt.com\/index.php?rest_route=\/wp\/v2\/types\/page"}],"author":[{"embeddable":true,"href":"https:\/\/geozonamkt.com\/index.php?rest_route=\/wp\/v2\/users\/1"}],"replies":[{"embeddable":true,"href":"https:\/\/geozonamkt.com\/index.php?rest_route=%2Fwp%2Fv2%2Fcomments&post=15444"}],"version-history":[{"count":8,"href":"https:\/\/geozonamkt.com\/index.php?rest_route=\/wp\/v2\/pages\/15444\/revisions"}],"predecessor-version":[{"id":21518,"href":"https:\/\/geozonamkt.com\/index.php?rest_route=\/wp\/v2\/pages\/15444\/revisions\/21518"}],"wp:attachment":[{"href":"https:\/\/geozonamkt.com\/index.php?rest_route=%2Fwp%2Fv2%2Fmedia&parent=15444"}],"curies":[{"name":"wp","href":"https:\/\/api.w.org\/{rel}","templated":true}]}}