{"id":20989,"date":"2024-08-10T11:30:52","date_gmt":"2024-08-10T16:30:52","guid":{"rendered":"https:\/\/geozonamkt.com\/?page_id=20989"},"modified":"2026-04-14T22:31:03","modified_gmt":"2026-04-15T03:31:03","slug":"nosotros","status":"publish","type":"page","link":"https:\/\/geozonamkt.com\/?page_id=20989","title":{"rendered":"Nosotros"},"content":{"rendered":"\t\t<div data-elementor-type=\"wp-page\" data-elementor-id=\"20989\" class=\"elementor elementor-20989\" data-elementor-post-type=\"page\">\n\t\t\t\t<div class=\"elementor-element elementor-element-db7c4b3 e-flex e-con-boxed e-con e-parent\" data-id=\"db7c4b3\" data-element_type=\"container\" data-e-type=\"container\" data-settings=\"{&quot;background_background&quot;:&quot;classic&quot;}\">\n\t\t\t\t\t<div class=\"e-con-inner\">\n\t\t<div class=\"elementor-element elementor-element-422274d e-con-full e-flex e-con e-child\" data-id=\"422274d\" data-element_type=\"container\" data-e-type=\"container\">\n\t\t\t\t<div class=\"elementor-element elementor-element-33d8ff6 elementor-widget elementor-widget-heading\" data-id=\"33d8ff6\" data-element_type=\"widget\" data-e-type=\"widget\" data-widget_type=\"heading.default\">\n\t\t\t\t<div class=\"elementor-widget-container\">\n\t\t\t\t\t<h2 class=\"elementor-heading-title elementor-size-xl\">Naci\u00f3 de una pregunta que nadie estaba respondiendo.<\/h2>\t\t\t\t<\/div>\n\t\t\t\t<\/div>\n\t\t\t\t<div class=\"elementor-element elementor-element-3a92dd5 elementor-widget elementor-widget-text-editor\" data-id=\"3a92dd5\" data-element_type=\"widget\" data-e-type=\"widget\" data-widget_type=\"text-editor.default\">\n\t\t\t\t<div class=\"elementor-widget-container\">\n\t\t\t\t\t\t\t\t\t<p>Fundada en 2013 a partir de Mediazonal, empresa l\u00edder en street marketing. Despu\u00e9s de a\u00f1os ejecutando campa\u00f1as de proximidad descubrimos que se hac\u00edan sin datos territoriales reales, desperdiciando presupuesto. Evolucionamos para combinar metodolog\u00eda territorial con an\u00e1lisis de datos y convertirlo en consultor\u00eda y formaci\u00f3n especializada.<\/p>\t\t\t\t\t\t\t\t<\/div>\n\t\t\t\t<\/div>\n\t\t\t\t<\/div>\n\t\t<div class=\"elementor-element elementor-element-e2a1f46 e-con-full e-flex e-con e-child\" data-id=\"e2a1f46\" data-element_type=\"container\" data-e-type=\"container\">\n\t\t\t\t<div class=\"elementor-element elementor-element-25f4794 elementor-widget elementor-widget-image\" data-id=\"25f4794\" data-element_type=\"widget\" data-e-type=\"widget\" data-widget_type=\"image.default\">\n\t\t\t\t<div class=\"elementor-widget-container\">\n\t\t\t\t\t\t\t\t\t\t\t\t\t\t\t<img fetchpriority=\"high\" decoding=\"async\" width=\"800\" height=\"741\" src=\"https:\/\/geozonamkt.com\/wp-content\/uploads\/2021\/01\/4pin.png\" class=\"attachment-large size-large wp-image-24589\" alt=\"\" srcset=\"https:\/\/geozonamkt.com\/wp-content\/uploads\/2021\/01\/4pin.png 1812w, https:\/\/geozonamkt.com\/wp-content\/uploads\/2021\/01\/4pin-800x741.png 800w\" sizes=\"(max-width: 800px) 100vw, 800px\" \/>\t\t\t\t\t\t\t\t\t\t\t\t\t\t\t<\/div>\n\t\t\t\t<\/div>\n\t\t\t\t<\/div>\n\t\t\t\t\t<\/div>\n\t\t\t\t<\/div>\n\t\t<div class=\"elementor-element elementor-element-3237df1 e-flex e-con-boxed e-con e-parent\" data-id=\"3237df1\" data-element_type=\"container\" data-e-type=\"container\">\n\t\t\t\t\t<div class=\"e-con-inner\">\n\t\t\t\t<div class=\"elementor-element elementor-element-bf511ec elementor-widget-divider--view-line elementor-widget elementor-widget-divider\" data-id=\"bf511ec\" data-element_type=\"widget\" data-e-type=\"widget\" data-widget_type=\"divider.default\">\n\t\t\t\t<div class=\"elementor-widget-container\">\n\t\t\t\t\t\t\t<div class=\"elementor-divider\">\n\t\t\t<span class=\"elementor-divider-separator\">\n\t\t\t\t\t\t<\/span>\n\t\t<\/div>\n\t\t\t\t\t\t<\/div>\n\t\t\t\t<\/div>\n\t\t\t\t\t<\/div>\n\t\t\t\t<\/div>\n\t\t<div class=\"elementor-element elementor-element-faee2ad e-flex e-con-boxed e-con e-parent\" data-id=\"faee2ad\" data-element_type=\"container\" data-e-type=\"container\">\n\t\t\t\t\t<div class=\"e-con-inner\">\n\t\t<div class=\"elementor-element elementor-element-a622170 e-con-full e-flex e-con e-child\" data-id=\"a622170\" data-element_type=\"container\" data-e-type=\"container\">\n\t\t\t\t<div class=\"elementor-element elementor-element-bebe219 elementor-widget elementor-widget-heading\" data-id=\"bebe219\" data-element_type=\"widget\" data-e-type=\"widget\" data-widget_type=\"heading.default\">\n\t\t\t\t<div class=\"elementor-widget-container\">\n\t\t\t\t\t<h2 class=\"elementor-heading-title elementor-size-xl\">Por qu\u00e9 Geozona<\/h2>\t\t\t\t<\/div>\n\t\t\t\t<\/div>\n\t\t\t\t<\/div>\n\t\t<div class=\"elementor-element elementor-element-bdaeac2 e-con-full e-flex e-con e-child\" data-id=\"bdaeac2\" data-element_type=\"container\" data-e-type=\"container\">\n\t\t<div class=\"elementor-element elementor-element-f07c2ad e-con-full e-flex e-con e-child\" data-id=\"f07c2ad\" data-element_type=\"container\" data-e-type=\"container\" data-settings=\"{&quot;background_background&quot;:&quot;classic&quot;}\">\n\t\t\t\t<div class=\"elementor-element elementor-element-8abee1d elementor-widget elementor-widget-heading\" data-id=\"8abee1d\" data-element_type=\"widget\" data-e-type=\"widget\" data-widget_type=\"heading.default\">\n\t\t\t\t<div class=\"elementor-widget-container\">\n\t\t\t\t\t<h2 class=\"elementor-heading-title elementor-size-default\">+10<\/h2>\t\t\t\t<\/div>\n\t\t\t\t<\/div>\n\t\t\t\t<div class=\"elementor-element elementor-element-2eb76e5 elementor-widget elementor-widget-heading\" data-id=\"2eb76e5\" data-element_type=\"widget\" data-e-type=\"widget\" data-widget_type=\"heading.default\">\n\t\t\t\t<div class=\"elementor-widget-container\">\n\t\t\t\t\t<h2 class=\"elementor-heading-title elementor-size-default\">A\u00f1os de experiencia territorial<\/h2>\t\t\t\t<\/div>\n\t\t\t\t<\/div>\n\t\t\t\t<div class=\"elementor-element elementor-element-6fa6b9c elementor-widget elementor-widget-text-editor\" data-id=\"6fa6b9c\" data-element_type=\"widget\" data-e-type=\"widget\" data-widget_type=\"text-editor.default\">\n\t\t\t\t<div class=\"elementor-widget-container\">\n\t\t\t\t\t\t\t\t\t<p>Origen en Mediazonal, la operaci\u00f3n de campo que dio lugar a la metodolog\u00eda.<\/p>\t\t\t\t\t\t\t\t<\/div>\n\t\t\t\t<\/div>\n\t\t\t\t<\/div>\n\t\t<div class=\"elementor-element elementor-element-53f621e e-con-full e-flex e-con e-child\" data-id=\"53f621e\" data-element_type=\"container\" data-e-type=\"container\" data-settings=\"{&quot;background_background&quot;:&quot;classic&quot;}\">\n\t\t\t\t<div class=\"elementor-element elementor-element-4c228e5 elementor-widget elementor-widget-heading\" data-id=\"4c228e5\" data-element_type=\"widget\" data-e-type=\"widget\" data-widget_type=\"heading.default\">\n\t\t\t\t<div class=\"elementor-widget-container\">\n\t\t\t\t\t<h2 class=\"elementor-heading-title elementor-size-default\">Datos reales<\/h2>\t\t\t\t<\/div>\n\t\t\t\t<\/div>\n\t\t\t\t<div class=\"elementor-element elementor-element-e7d07a1 elementor-widget elementor-widget-heading\" data-id=\"e7d07a1\" data-element_type=\"widget\" data-e-type=\"widget\" data-widget_type=\"heading.default\">\n\t\t\t\t<div class=\"elementor-widget-container\">\n\t\t\t\t\t<h2 class=\"elementor-heading-title elementor-size-default\">No predictivos<\/h2>\t\t\t\t<\/div>\n\t\t\t\t<\/div>\n\t\t\t\t<div class=\"elementor-element elementor-element-642157a elementor-widget elementor-widget-text-editor\" data-id=\"642157a\" data-element_type=\"widget\" data-e-type=\"widget\" data-widget_type=\"text-editor.default\">\n\t\t\t\t<div class=\"elementor-widget-container\">\n\t\t\t\t\t\t\t\t\t<p>Trabajamos con sucursales ya operando, con datos de movilidad reales del territorio.<\/p>\t\t\t\t\t\t\t\t<\/div>\n\t\t\t\t<\/div>\n\t\t\t\t<\/div>\n\t\t<div class=\"elementor-element elementor-element-a0b24d5 e-con-full e-flex e-con e-child\" data-id=\"a0b24d5\" data-element_type=\"container\" data-e-type=\"container\" data-settings=\"{&quot;background_background&quot;:&quot;classic&quot;}\">\n\t\t\t\t<div class=\"elementor-element elementor-element-7af63e2 elementor-widget elementor-widget-heading\" data-id=\"7af63e2\" data-element_type=\"widget\" data-e-type=\"widget\" data-widget_type=\"heading.default\">\n\t\t\t\t<div class=\"elementor-widget-container\">\n\t\t\t\t\t<h2 class=\"elementor-heading-title elementor-size-default\">Metodolog\u00eda propia<\/h2>\t\t\t\t<\/div>\n\t\t\t\t<\/div>\n\t\t\t\t<div class=\"elementor-element elementor-element-32230fc elementor-widget elementor-widget-heading\" data-id=\"32230fc\" data-element_type=\"widget\" data-e-type=\"widget\" data-widget_type=\"heading.default\">\n\t\t\t\t<div class=\"elementor-widget-container\">\n\t\t\t\t\t<h2 class=\"elementor-heading-title elementor-size-default\">Transferible<\/h2>\t\t\t\t<\/div>\n\t\t\t\t<\/div>\n\t\t\t\t<div class=\"elementor-element elementor-element-4bfb2cd elementor-widget elementor-widget-text-editor\" data-id=\"4bfb2cd\" data-element_type=\"widget\" data-e-type=\"widget\" data-widget_type=\"text-editor.default\">\n\t\t\t\t<div class=\"elementor-widget-container\">\n\t\t\t\t\t\t\t\t\t<p>Dise\u00f1amos la estrategia y la transferimos al equipo existente del cliente.<\/p>\t\t\t\t\t\t\t\t<\/div>\n\t\t\t\t<\/div>\n\t\t\t\t<\/div>\n\t\t\t\t<\/div>\n\t\t\t\t\t<\/div>\n\t\t\t\t<\/div>\n\t\t\t\t<section class=\"elementor-section elementor-top-section elementor-element elementor-element-877726f elementor-section-boxed elementor-section-height-default elementor-section-height-default\" data-id=\"877726f\" data-element_type=\"section\" data-e-type=\"section\" data-settings=\"{&quot;background_background&quot;:&quot;classic&quot;}\">\n\t\t\t\t\t\t<div class=\"elementor-container elementor-column-gap-default\">\n\t\t\t\t\t<div class=\"elementor-column elementor-col-100 elementor-top-column elementor-element elementor-element-598b8de\" data-id=\"598b8de\" data-element_type=\"column\" data-e-type=\"column\">\n\t\t\t<div class=\"elementor-widget-wrap elementor-element-populated\">\n\t\t\t\t\t\t<div class=\"elementor-element elementor-element-e6b8c43 elementor-widget elementor-widget-heading\" data-id=\"e6b8c43\" data-element_type=\"widget\" data-e-type=\"widget\" data-widget_type=\"heading.default\">\n\t\t\t\t<div class=\"elementor-widget-container\">\n\t\t\t\t\t<h2 class=\"elementor-heading-title elementor-size-default\">Por qu\u00e9 las empresas eligen a Geozona como su socio<\/h2>\t\t\t\t<\/div>\n\t\t\t\t<\/div>\n\t\t\t\t<div class=\"elementor-element elementor-element-7edf972 elementor-widget elementor-widget-text-editor\" data-id=\"7edf972\" data-element_type=\"widget\" data-e-type=\"widget\" data-widget_type=\"text-editor.default\">\n\t\t\t\t<div class=\"elementor-widget-container\">\n\t\t\t\t\t\t\t\t\t<p>Cuando nos escogen obtienen acceso a m\u00e1s de 20 a\u00f1os de investigaci\u00f3n de campo y experiencia comprobada en implementaciones estrat\u00e9gicas territoriales.<\/p>\t\t\t\t\t\t\t\t<\/div>\n\t\t\t\t<\/div>\n\t\t\t\t<section class=\"elementor-section elementor-inner-section elementor-element elementor-element-b3d64f6 elementor-section-boxed elementor-section-height-default elementor-section-height-default\" data-id=\"b3d64f6\" data-element_type=\"section\" data-e-type=\"section\">\n\t\t\t\t\t\t<div class=\"elementor-container elementor-column-gap-default\">\n\t\t\t\t\t<div class=\"elementor-column elementor-col-33 elementor-inner-column elementor-element elementor-element-f8dba56\" data-id=\"f8dba56\" data-element_type=\"column\" data-e-type=\"column\">\n\t\t\t<div class=\"elementor-widget-wrap elementor-element-populated\">\n\t\t\t\t\t\t<div class=\"elementor-element elementor-element-243c338 elementor-widget elementor-widget-pp-counter\" data-id=\"243c338\" data-element_type=\"widget\" data-e-type=\"widget\" data-widget_type=\"pp-counter.default\">\n\t\t\t\t<div class=\"elementor-widget-container\">\n\t\t\t\t\t\t\t<div class=\"pp-counter-container\">\n\t\t\t<div class=\"pp-counter pp-counter-layout-5\">\n\t\t\t\t\t\t\t\t\t\t\t\t<span class=\"pp-counter-icon-wrap\">\n\t\t\t\t<span class=\"pp-counter-icon pp-icon\">\n\t\t\t\t\t<i aria-hidden=\"true\" class=\"fas fa-plus\"><\/i>\t\t\t\t<\/span>\n\t\t\t<\/span>\n\t\t\t\n\t\t\t\t\t<div class=\"pp-counter-number-title-wrap\">\n\t\t\t\t\t\t\t\t<div class=\"pp-counter-number-wrap\">\n\t\t\t\t\t\t<div class=\"pp-counter-number pp-counter-number-243c338\" data-duration=\"1500\" data-to-value=\"750\" data-from-value=\"0\" data-delimiter=\",\">\n\t\t\t\t0\t\t\t<\/div>\n\t\t\t\t\t<\/div>\n\t\t\n\t\t\t\t\t\t\n\t\t\t\t\t\t\t\t\t<div class=\"pp-counter-title-wrap\">\n\t\t\t\t\t\t\t\t\t<div class=\"pp-counter-title\">\n\t\t\t\t\t\tCampa\u00f1as realizadas\t\t\t\t\t<\/div>\n\t\t\t\t\t\t\t\t<\/div>\n\t\t\t\t\t\t\t\t<\/div>\n\t\t\t\t\t\t\t<\/div>\n\t\t<\/div>\n\t\t\t\t\t\t<\/div>\n\t\t\t\t<\/div>\n\t\t\t\t\t<\/div>\n\t\t<\/div>\n\t\t\t\t<div class=\"elementor-column elementor-col-33 elementor-inner-column elementor-element elementor-element-804dcb9\" data-id=\"804dcb9\" data-element_type=\"column\" data-e-type=\"column\">\n\t\t\t<div class=\"elementor-widget-wrap elementor-element-populated\">\n\t\t\t\t\t\t<div class=\"elementor-element elementor-element-187084a elementor-widget elementor-widget-pp-counter\" data-id=\"187084a\" data-element_type=\"widget\" data-e-type=\"widget\" data-widget_type=\"pp-counter.default\">\n\t\t\t\t<div class=\"elementor-widget-container\">\n\t\t\t\t\t\t\t<div class=\"pp-counter-container\">\n\t\t\t<div class=\"pp-counter pp-counter-layout-5\">\n\t\t\t\t\t\t\t\t\t\t\t\t<span class=\"pp-counter-icon-wrap\">\n\t\t\t\t<span class=\"pp-counter-icon pp-icon\">\n\t\t\t\t\t<i aria-hidden=\"true\" class=\"fas fa-plus\"><\/i>\t\t\t\t<\/span>\n\t\t\t<\/span>\n\t\t\t\n\t\t\t\t\t<div class=\"pp-counter-number-title-wrap\">\n\t\t\t\t\t\t\t\t<div class=\"pp-counter-number-wrap\">\n\t\t\t\t\t\t<div class=\"pp-counter-number pp-counter-number-187084a\" data-duration=\"1500\" data-to-value=\"680\" data-from-value=\"0\" data-delimiter=\",\">\n\t\t\t\t0\t\t\t<\/div>\n\t\t\t\t\t<\/div>\n\t\t\n\t\t\t\t\t\t\n\t\t\t\t\t\t\t\t\t<div class=\"pp-counter-title-wrap\">\n\t\t\t\t\t\t\t\t\t<div class=\"pp-counter-title\">\n\t\t\t\t\t\tTerritorios analizados\t\t\t\t\t<\/div>\n\t\t\t\t\t\t\t\t<\/div>\n\t\t\t\t\t\t\t\t<\/div>\n\t\t\t\t\t\t\t<\/div>\n\t\t<\/div>\n\t\t\t\t\t\t<\/div>\n\t\t\t\t<\/div>\n\t\t\t\t\t<\/div>\n\t\t<\/div>\n\t\t\t\t<div class=\"elementor-column elementor-col-33 elementor-inner-column elementor-element elementor-element-d3d18b0\" data-id=\"d3d18b0\" data-element_type=\"column\" data-e-type=\"column\">\n\t\t\t<div class=\"elementor-widget-wrap elementor-element-populated\">\n\t\t\t\t\t\t<div class=\"elementor-element elementor-element-426ba9c elementor-widget elementor-widget-pp-counter\" data-id=\"426ba9c\" data-element_type=\"widget\" data-e-type=\"widget\" data-widget_type=\"pp-counter.default\">\n\t\t\t\t<div class=\"elementor-widget-container\">\n\t\t\t\t\t\t\t<div class=\"pp-counter-container\">\n\t\t\t<div class=\"pp-counter pp-counter-layout-5\">\n\t\t\t\t\t\t\t\t\t\t\t\t<span class=\"pp-counter-icon-wrap\">\n\t\t\t\t<span class=\"pp-counter-icon pp-icon\">\n\t\t\t\t\t<i aria-hidden=\"true\" class=\"fas fa-plus\"><\/i>\t\t\t\t<\/span>\n\t\t\t<\/span>\n\t\t\t\n\t\t\t\t\t<div class=\"pp-counter-number-title-wrap\">\n\t\t\t\t\t\t\t\t<div class=\"pp-counter-number-wrap\">\n\t\t\t\t\t\t<div class=\"pp-counter-number pp-counter-number-426ba9c\" data-duration=\"1500\" data-to-value=\"950\" data-from-value=\"0\" data-delimiter=\",\">\n\t\t\t\t0\t\t\t<\/div>\n\t\t\t\t\t<\/div>\n\t\t\n\t\t\t\t\t\t\n\t\t\t\t\t\t\t\t\t<div class=\"pp-counter-title-wrap\">\n\t\t\t\t\t\t\t\t\t<div class=\"pp-counter-title\">\n\t\t\t\t\t\tPuntos de venta\t\t\t\t\t<\/div>\n\t\t\t\t\t\t\t\t<\/div>\n\t\t\t\t\t\t\t\t<\/div>\n\t\t\t\t\t\t\t<\/div>\n\t\t<\/div>\n\t\t\t\t\t\t<\/div>\n\t\t\t\t<\/div>\n\t\t\t\t\t<\/div>\n\t\t<\/div>\n\t\t\t\t\t<\/div>\n\t\t<\/section>\n\t\t\t\t\t<\/div>\n\t\t<\/div>\n\t\t\t\t\t<\/div>\n\t\t<\/section>\n\t\t\t\t<section class=\"elementor-section elementor-top-section elementor-element elementor-element-e6f630f elementor-section-boxed elementor-section-height-default elementor-section-height-default\" data-id=\"e6f630f\" data-element_type=\"section\" data-e-type=\"section\">\n\t\t\t\t\t\t<div class=\"elementor-container elementor-column-gap-default\">\n\t\t\t\t\t<div class=\"elementor-column elementor-col-100 elementor-top-column elementor-element elementor-element-f0691f5\" data-id=\"f0691f5\" data-element_type=\"column\" data-e-type=\"column\">\n\t\t\t<div class=\"elementor-widget-wrap elementor-element-populated\">\n\t\t\t\t\t\t<div class=\"elementor-element elementor-element-87e76ec elementor-widget elementor-widget-heading\" data-id=\"87e76ec\" data-element_type=\"widget\" data-e-type=\"widget\" data-widget_type=\"heading.default\">\n\t\t\t\t<div class=\"elementor-widget-container\">\n\t\t\t\t\t<h2 class=\"elementor-heading-title elementor-size-default\">Lo que nos diferencia<\/h2>\t\t\t\t<\/div>\n\t\t\t\t<\/div>\n\t\t\t\t<section class=\"elementor-section elementor-inner-section elementor-element elementor-element-8119a00 elementor-section-boxed elementor-section-height-default elementor-section-height-default\" data-id=\"8119a00\" data-element_type=\"section\" data-e-type=\"section\">\n\t\t\t\t\t\t<div class=\"elementor-container elementor-column-gap-default\">\n\t\t\t\t\t<div class=\"elementor-column elementor-col-25 elementor-inner-column elementor-element elementor-element-385ddf4\" data-id=\"385ddf4\" data-element_type=\"column\" data-e-type=\"column\" data-settings=\"{&quot;background_background&quot;:&quot;classic&quot;}\">\n\t\t\t<div class=\"elementor-widget-wrap elementor-element-populated\">\n\t\t\t\t\t\t<div class=\"elementor-element elementor-element-7497a90 elementor-widget elementor-widget-heading\" data-id=\"7497a90\" data-element_type=\"widget\" data-e-type=\"widget\" data-widget_type=\"heading.default\">\n\t\t\t\t<div class=\"elementor-widget-container\">\n\t\t\t\t\t<h2 class=\"elementor-heading-title elementor-size-xl\">Expertise en  Datos Espaciales<\/h2>\t\t\t\t<\/div>\n\t\t\t\t<\/div>\n\t\t\t\t<div class=\"elementor-element elementor-element-14b8025 elementor-widget elementor-widget-text-editor\" data-id=\"14b8025\" data-element_type=\"widget\" data-e-type=\"widget\" data-widget_type=\"text-editor.default\">\n\t\t\t\t<div class=\"elementor-widget-container\">\n\t\t\t\t\t\t\t\t\t<p>M\u00e1s all\u00e1 del marketing, entendemos el valor de los datos y c\u00f3mo aplicarlos para mejorar el rendimiento de cada sucursal.<\/p>\t\t\t\t\t\t\t\t<\/div>\n\t\t\t\t<\/div>\n\t\t\t\t\t<\/div>\n\t\t<\/div>\n\t\t\t\t<div class=\"elementor-column elementor-col-25 elementor-inner-column elementor-element elementor-element-148968c\" data-id=\"148968c\" data-element_type=\"column\" data-e-type=\"column\" data-settings=\"{&quot;background_background&quot;:&quot;classic&quot;}\">\n\t\t\t<div class=\"elementor-widget-wrap elementor-element-populated\">\n\t\t\t\t\t\t<div class=\"elementor-element elementor-element-a3905f4 elementor-widget elementor-widget-heading\" data-id=\"a3905f4\" data-element_type=\"widget\" data-e-type=\"widget\" data-widget_type=\"heading.default\">\n\t\t\t\t<div class=\"elementor-widget-container\">\n\t\t\t\t\t<h2 class=\"elementor-heading-title elementor-size-xl\">Enfoque comercial estrat\u00e9gico<\/h2>\t\t\t\t<\/div>\n\t\t\t\t<\/div>\n\t\t\t\t<div class=\"elementor-element elementor-element-ed7a858 elementor-widget elementor-widget-text-editor\" data-id=\"ed7a858\" data-element_type=\"widget\" data-e-type=\"widget\" data-widget_type=\"text-editor.default\">\n\t\t\t\t<div class=\"elementor-widget-container\">\n\t\t\t\t\t\t\t\t\t<p>Nos enfocamos en resultados concretos con soluciones pr\u00e1cticas que optimizan las operaciones comerciales y aumentan las ventas.<\/p>\t\t\t\t\t\t\t\t<\/div>\n\t\t\t\t<\/div>\n\t\t\t\t\t<\/div>\n\t\t<\/div>\n\t\t\t\t<div class=\"elementor-column elementor-col-25 elementor-inner-column elementor-element elementor-element-8251b39\" data-id=\"8251b39\" data-element_type=\"column\" data-e-type=\"column\" data-settings=\"{&quot;background_background&quot;:&quot;classic&quot;}\">\n\t\t\t<div class=\"elementor-widget-wrap elementor-element-populated\">\n\t\t\t\t\t\t<div class=\"elementor-element elementor-element-07dadfe elementor-widget elementor-widget-heading\" data-id=\"07dadfe\" data-element_type=\"widget\" data-e-type=\"widget\" data-widget_type=\"heading.default\">\n\t\t\t\t<div class=\"elementor-widget-container\">\n\t\t\t\t\t<h2 class=\"elementor-heading-title elementor-size-xl\">Experiencia en marketing de proximidad<\/h2>\t\t\t\t<\/div>\n\t\t\t\t<\/div>\n\t\t\t\t<div class=\"elementor-element elementor-element-b3d07a4 elementor-widget elementor-widget-text-editor\" data-id=\"b3d07a4\" data-element_type=\"widget\" data-e-type=\"widget\" data-widget_type=\"text-editor.default\">\n\t\t\t\t<div class=\"elementor-widget-container\">\n\t\t\t\t\t\t\t\t\t<p>Gracias a nuestra experiencia en campo, entendemos el movimiento geoespacial de los clientes alrededor de los puntos de venta, lo que nos hace altamente eficaces.<\/p>\t\t\t\t\t\t\t\t<\/div>\n\t\t\t\t<\/div>\n\t\t\t\t\t<\/div>\n\t\t<\/div>\n\t\t\t\t<div class=\"elementor-column elementor-col-25 elementor-inner-column elementor-element elementor-element-3bfd13e\" data-id=\"3bfd13e\" data-element_type=\"column\" data-e-type=\"column\" data-settings=\"{&quot;background_background&quot;:&quot;classic&quot;}\">\n\t\t\t<div class=\"elementor-widget-wrap elementor-element-populated\">\n\t\t\t\t\t\t<div class=\"elementor-element elementor-element-5a3acdc elementor-widget elementor-widget-heading\" data-id=\"5a3acdc\" data-element_type=\"widget\" data-e-type=\"widget\" data-widget_type=\"heading.default\">\n\t\t\t\t<div class=\"elementor-widget-container\">\n\t\t\t\t\t<h2 class=\"elementor-heading-title elementor-size-xl\">Especializaci\u00f3n \u00fanica<\/h2>\t\t\t\t<\/div>\n\t\t\t\t<\/div>\n\t\t\t\t<div class=\"elementor-element elementor-element-3575b2d elementor-widget elementor-widget-text-editor\" data-id=\"3575b2d\" data-element_type=\"widget\" data-e-type=\"widget\" data-widget_type=\"text-editor.default\">\n\t\t\t\t<div class=\"elementor-widget-container\">\n\t\t\t\t\t\t\t\t\t<p>Somos una de las pocas empresas que combinan marketing local con an\u00e1lisis de datos espaciales para ofrecer resultados efectivos en los territorios.<\/p>\t\t\t\t\t\t\t\t<\/div>\n\t\t\t\t<\/div>\n\t\t\t\t\t<\/div>\n\t\t<\/div>\n\t\t\t\t\t<\/div>\n\t\t<\/section>\n\t\t\t\t\t<\/div>\n\t\t<\/div>\n\t\t\t\t\t<\/div>\n\t\t<\/section>\n\t\t\t\t<section class=\"elementor-section elementor-top-section elementor-element elementor-element-11c311c elementor-section-boxed elementor-section-height-default elementor-section-height-default\" data-id=\"11c311c\" data-element_type=\"section\" data-e-type=\"section\" data-settings=\"{&quot;background_background&quot;:&quot;classic&quot;}\">\n\t\t\t\t\t\t<div class=\"elementor-container elementor-column-gap-default\">\n\t\t\t\t\t<div class=\"elementor-column elementor-col-100 elementor-top-column elementor-element elementor-element-6da7c4d\" data-id=\"6da7c4d\" data-element_type=\"column\" data-e-type=\"column\">\n\t\t\t<div class=\"elementor-widget-wrap elementor-element-populated\">\n\t\t\t\t\t\t<div class=\"elementor-element elementor-element-7c1ade6 elementor-widget elementor-widget-heading\" data-id=\"7c1ade6\" data-element_type=\"widget\" data-e-type=\"widget\" data-widget_type=\"heading.default\">\n\t\t\t\t<div class=\"elementor-widget-container\">\n\t\t\t\t\t<h2 class=\"elementor-heading-title elementor-size-default\">\u00bfQuieres conocer m\u00e1s sobre Geozona?<\/h2>\t\t\t\t<\/div>\n\t\t\t\t<\/div>\n\t\t\t\t<div class=\"elementor-element elementor-element-98c0b13 elementor-widget elementor-widget-text-editor\" data-id=\"98c0b13\" data-element_type=\"widget\" data-e-type=\"widget\" data-widget_type=\"text-editor.default\">\n\t\t\t\t<div class=\"elementor-widget-container\">\n\t\t\t\t\t\t\t\t\t<p>Agenda una reuni\u00f3n con nuestro equipo.<\/p>\t\t\t\t\t\t\t\t<\/div>\n\t\t\t\t<\/div>\n\t\t\t\t<div class=\"elementor-element elementor-element-b0dfe9e elementor-align-center elementor-mobile-align-center elementor-widget elementor-widget-button\" data-id=\"b0dfe9e\" data-element_type=\"widget\" data-e-type=\"widget\" data-widget_type=\"button.default\">\n\t\t\t\t<div class=\"elementor-widget-container\">\n\t\t\t\t\t\t\t\t\t<div class=\"elementor-button-wrapper\">\n\t\t\t\t\t<a class=\"elementor-button elementor-button-link elementor-size-sm\" href=\"https:\/\/geozonamkt.com\/?page_id=21304\">\n\t\t\t\t\t\t<span class=\"elementor-button-content-wrapper\">\n\t\t\t\t\t\t\t\t\t<span class=\"elementor-button-text\">Agenda una reuni\u00f3n<\/span>\n\t\t\t\t\t<\/span>\n\t\t\t\t\t<\/a>\n\t\t\t\t<\/div>\n\t\t\t\t\t\t\t\t<\/div>\n\t\t\t\t<\/div>\n\t\t\t\t\t<\/div>\n\t\t<\/div>\n\t\t\t\t\t<\/div>\n\t\t<\/section>\n\t\t\t\t<\/div>\n\t\t","protected":false},"excerpt":{"rendered":"<p>Naci\u00f3 de una pregunta que nadie estaba respondiendo. Fundada en 2013 a partir de Mediazonal, empresa l\u00edder en street marketing. Despu\u00e9s de a\u00f1os ejecutando campa\u00f1as de proximidad descubrimos que se hac\u00edan sin datos territoriales reales, desperdiciando presupuesto. Evolucionamos para combinar metodolog\u00eda territorial con an\u00e1lisis de datos y convertirlo en consultor\u00eda y formaci\u00f3n especializada. Por qu\u00e9 [&hellip;]<\/p>\n","protected":false},"author":1,"featured_media":0,"parent":0,"menu_order":0,"comment_status":"closed","ping_status":"closed","template":"elementor_header_footer","meta":{"footnotes":""},"class_list":["post-20989","page","type-page","status-publish","hentry"],"_links":{"self":[{"href":"https:\/\/geozonamkt.com\/index.php?rest_route=\/wp\/v2\/pages\/20989","targetHints":{"allow":["GET"]}}],"collection":[{"href":"https:\/\/geozonamkt.com\/index.php?rest_route=\/wp\/v2\/pages"}],"about":[{"href":"https:\/\/geozonamkt.com\/index.php?rest_route=\/wp\/v2\/types\/page"}],"author":[{"embeddable":true,"href":"https:\/\/geozonamkt.com\/index.php?rest_route=\/wp\/v2\/users\/1"}],"replies":[{"embeddable":true,"href":"https:\/\/geozonamkt.com\/index.php?rest_route=%2Fwp%2Fv2%2Fcomments&post=20989"}],"version-history":[{"count":281,"href":"https:\/\/geozonamkt.com\/index.php?rest_route=\/wp\/v2\/pages\/20989\/revisions"}],"predecessor-version":[{"id":25988,"href":"https:\/\/geozonamkt.com\/index.php?rest_route=\/wp\/v2\/pages\/20989\/revisions\/25988"}],"wp:attachment":[{"href":"https:\/\/geozonamkt.com\/index.php?rest_route=%2Fwp%2Fv2%2Fmedia&parent=20989"}],"curies":[{"name":"wp","href":"https:\/\/api.w.org\/{rel}","templated":true}]}}