{"id":490,"date":"2021-02-17T13:31:02","date_gmt":"2021-02-17T18:31:02","guid":{"rendered":"https:\/\/geozonamkt.com\/?page_id=490"},"modified":"2026-04-12T12:57:59","modified_gmt":"2026-04-12T17:57:59","slug":"articulos","status":"publish","type":"page","link":"https:\/\/geozonamkt.com\/?page_id=490","title":{"rendered":"Blog"},"content":{"rendered":"\t\t<div data-elementor-type=\"wp-page\" data-elementor-id=\"490\" class=\"elementor elementor-490\" data-elementor-post-type=\"page\">\n\t\t\t\t\t\t<section class=\"elementor-section elementor-top-section elementor-element elementor-element-181ce72 elementor-section-height-min-height elementor-section-boxed elementor-section-height-default elementor-section-items-middle\" data-id=\"181ce72\" data-element_type=\"section\" data-e-type=\"section\" data-settings=\"{&quot;background_background&quot;:&quot;classic&quot;}\">\n\t\t\t\t\t\t<div class=\"elementor-container elementor-column-gap-default\">\n\t\t\t\t\t<div class=\"elementor-column elementor-col-50 elementor-top-column elementor-element elementor-element-81f6e94\" data-id=\"81f6e94\" data-element_type=\"column\" data-e-type=\"column\">\n\t\t\t<div class=\"elementor-widget-wrap elementor-element-populated\">\n\t\t\t\t\t\t<div class=\"elementor-element elementor-element-9011e48 elementor-widget elementor-widget-heading\" data-id=\"9011e48\" data-element_type=\"widget\" data-e-type=\"widget\" data-widget_type=\"heading.default\">\n\t\t\t\t<div class=\"elementor-widget-container\">\n\t\t\t\t\t<h1 class=\"elementor-heading-title elementor-size-default\">Posts<\/h1>\t\t\t\t<\/div>\n\t\t\t\t<\/div>\n\t\t\t\t<div class=\"elementor-element elementor-element-d0c590b elementor-widget elementor-widget-text-editor\" data-id=\"d0c590b\" data-element_type=\"widget\" data-e-type=\"widget\" data-widget_type=\"text-editor.default\">\n\t\t\t\t<div class=\"elementor-widget-container\">\n\t\t\t\t\t\t\t\t\t<p>An\u00e1lisis, casos y perspectivas sobre comercializaci\u00f3n territorial y puntos de venta.<\/p>\t\t\t\t\t\t\t\t<\/div>\n\t\t\t\t<\/div>\n\t\t\t\t\t<\/div>\n\t\t<\/div>\n\t\t\t\t<div class=\"elementor-column elementor-col-50 elementor-top-column elementor-element elementor-element-110111d\" data-id=\"110111d\" data-element_type=\"column\" data-e-type=\"column\">\n\t\t\t<div class=\"elementor-widget-wrap\">\n\t\t\t\t\t\t\t<\/div>\n\t\t<\/div>\n\t\t\t\t\t<\/div>\n\t\t<\/section>\n\t\t\t\t<section class=\"elementor-section elementor-top-section elementor-element elementor-element-6b6263a2 elementor-section-boxed elementor-section-height-default elementor-section-height-default\" data-id=\"6b6263a2\" data-element_type=\"section\" data-e-type=\"section\">\n\t\t\t\t\t\t<div class=\"elementor-container elementor-column-gap-default\">\n\t\t\t\t\t<div class=\"elementor-column elementor-col-100 elementor-top-column elementor-element elementor-element-46a8d672\" data-id=\"46a8d672\" data-element_type=\"column\" data-e-type=\"column\">\n\t\t\t<div class=\"elementor-widget-wrap elementor-element-populated\">\n\t\t\t\t\t\t<div class=\"elementor-element elementor-element-439da8d elementor-posts--align-left elementor-posts--thumbnail-none elementor-grid-3 elementor-grid-tablet-2 elementor-grid-mobile-1 elementor-widget elementor-widget-posts\" data-id=\"439da8d\" data-element_type=\"widget\" data-e-type=\"widget\" data-settings=\"{&quot;classic_row_gap&quot;:{&quot;unit&quot;:&quot;px&quot;,&quot;size&quot;:26,&quot;sizes&quot;:[]},&quot;pagination_type&quot;:&quot;prev_next&quot;,&quot;classic_columns&quot;:&quot;3&quot;,&quot;classic_columns_tablet&quot;:&quot;2&quot;,&quot;classic_columns_mobile&quot;:&quot;1&quot;,&quot;classic_row_gap_tablet&quot;:{&quot;unit&quot;:&quot;px&quot;,&quot;size&quot;:&quot;&quot;,&quot;sizes&quot;:[]},&quot;classic_row_gap_mobile&quot;:{&quot;unit&quot;:&quot;px&quot;,&quot;size&quot;:&quot;&quot;,&quot;sizes&quot;:[]}}\" data-widget_type=\"posts.classic\">\n\t\t\t\t<div class=\"elementor-widget-container\">\n\t\t\t\t\t\t\t<div class=\"elementor-posts-container elementor-posts elementor-posts--skin-classic elementor-grid\" role=\"list\">\n\t\t\t\t<article class=\"elementor-post elementor-grid-item post-23946 post type-post status-publish format-standard has-post-thumbnail hentry category-best-articles category-front category-pyme category-uncategorized tag-pyme\" role=\"listitem\">\n\t\t\t\t<div class=\"elementor-post__text\">\n\t\t\t\t<h3 class=\"elementor-post__title\">\n\t\t\t<a href=\"https:\/\/geozonamkt.com\/?p=23946\" >\n\t\t\t\t\u00bfPor qu\u00e9 las redes sociales pueden no ser la mejor opci\u00f3n para atraer clientes a tu negocio f\u00edsico?\t\t\t<\/a>\n\t\t<\/h3>\n\t\t\t\t<div class=\"elementor-post__excerpt\">\n\t\t\t<p>Las redes sociales se han convertido en la herramienta de marketing m\u00e1s popular de los \u00faltimos a\u00f1os, y muchos negocios f\u00edsicos han apostado por ellas con la esperanza de atraer m\u00e1s clientes. Sin embargo, la realidad es que las redes sociales no siempre generan el tr\u00e1fico que un negocio local<\/p>\n\t\t<\/div>\n\t\t\n\t\t<a class=\"elementor-post__read-more\" href=\"https:\/\/geozonamkt.com\/?p=23946\" aria-label=\"Read more about \u00bfPor qu\u00e9 las redes sociales pueden no ser la mejor opci\u00f3n para atraer clientes a tu negocio f\u00edsico?\" tabindex=\"-1\" >\n\t\t\tLeer \u00bb\t\t<\/a>\n\n\t\t\t\t<\/div>\n\t\t\t\t<\/article>\n\t\t\t\t<article class=\"elementor-post elementor-grid-item post-23974 post type-post status-publish format-standard has-post-thumbnail hentry category-uncategorized tag-pyme\" role=\"listitem\">\n\t\t\t\t<div class=\"elementor-post__text\">\n\t\t\t\t<h3 class=\"elementor-post__title\">\n\t\t\t<a href=\"https:\/\/geozonamkt.com\/?p=23974\" >\n\t\t\t\tLa fachada: tu mejor publicidad y la primera raz\u00f3n por la que un cliente entra a tu negocio\t\t\t<\/a>\n\t\t<\/h3>\n\t\t\t\t<div class=\"elementor-post__excerpt\">\n\t\t\t<p>Cuando pensamos en publicidad, la mayor\u00eda de los negocios f\u00edsicos creen que la clave est\u00e1 en redes sociales, flyers o anuncios pagados. Pero lo que muchos ignoran es que la primera gran herramienta de marketing est\u00e1 justo frente a sus ojos: su fachada. El 90% de los clientes de una<\/p>\n\t\t<\/div>\n\t\t\n\t\t<a class=\"elementor-post__read-more\" href=\"https:\/\/geozonamkt.com\/?p=23974\" aria-label=\"Read more about La fachada: tu mejor publicidad y la primera raz\u00f3n por la que un cliente entra a tu negocio\" tabindex=\"-1\" >\n\t\t\tLeer \u00bb\t\t<\/a>\n\n\t\t\t\t<\/div>\n\t\t\t\t<\/article>\n\t\t\t\t<article class=\"elementor-post elementor-grid-item post-8382 post type-post status-publish format-standard has-post-thumbnail hentry category-pyme tag-pyme\" role=\"listitem\">\n\t\t\t\t<div class=\"elementor-post__text\">\n\t\t\t\t<h3 class=\"elementor-post__title\">\n\t\t\t<a href=\"https:\/\/geozonamkt.com\/?p=8382\" >\n\t\t\t\tUn peque\u00f1o negocio puede vender hasta cuatro veces m\u00e1s que un corporativo.\t\t\t<\/a>\n\t\t<\/h3>\n\t\t\t\t<div class=\"elementor-post__excerpt\">\n\t\t\t<p>En cualquier colonia o municipio, siempre hay un peque\u00f1o negocio que logra vender hasta cuatro veces m\u00e1s que cualquier punto de venta de una corporaci\u00f3n. Despu\u00e9s de m\u00e1s de veinte a\u00f1os de experiencia, hemos identificado cientos de casos que confirman esta afirmaci\u00f3n. Por ejemplo, Pizzas Plaza, con sucursales en el<\/p>\n\t\t<\/div>\n\t\t\n\t\t<a class=\"elementor-post__read-more\" href=\"https:\/\/geozonamkt.com\/?p=8382\" aria-label=\"Read more about Un peque\u00f1o negocio puede vender hasta cuatro veces m\u00e1s que un corporativo.\" tabindex=\"-1\" >\n\t\t\tLeer \u00bb\t\t<\/a>\n\n\t\t\t\t<\/div>\n\t\t\t\t<\/article>\n\t\t\t\t<article class=\"elementor-post elementor-grid-item post-8333 post type-post status-publish format-standard has-post-thumbnail hentry category-uncategorized\" role=\"listitem\">\n\t\t\t\t<div class=\"elementor-post__text\">\n\t\t\t\t<h3 class=\"elementor-post__title\">\n\t\t\t<a href=\"https:\/\/geozonamkt.com\/?p=8333\" >\n\t\t\t\tLo que deben aprender las empresas del c\u00f3mo los vendedores ambulantes influyen y generan ventas territoriales.\t\t\t<\/a>\n\t\t<\/h3>\n\t\t\t\t<div class=\"elementor-post__excerpt\">\n\t\t\t<p>En las semanas de vacunaci\u00f3n miles de personas asistieron a ubicaciones cercanas a sus domicilios para recibir el medicamento contra el Covid-19. Lo espectacular es que estas ubicaciones ofrecieron, en un momento dado, segmentaci\u00f3n por edad, nivel socio econ\u00f3mico promedio (por municipio) y la oportunidad \u00fanica de estar en contacto<\/p>\n\t\t<\/div>\n\t\t\n\t\t<a class=\"elementor-post__read-more\" href=\"https:\/\/geozonamkt.com\/?p=8333\" aria-label=\"Read more about Lo que deben aprender las empresas del c\u00f3mo los vendedores ambulantes influyen y generan ventas territoriales.\" tabindex=\"-1\" >\n\t\t\tLeer \u00bb\t\t<\/a>\n\n\t\t\t\t<\/div>\n\t\t\t\t<\/article>\n\t\t\t\t<article class=\"elementor-post elementor-grid-item post-1137 post type-post status-publish format-standard has-post-thumbnail hentry category-best-articles\" role=\"listitem\">\n\t\t\t\t<div class=\"elementor-post__text\">\n\t\t\t\t<h3 class=\"elementor-post__title\">\n\t\t\t<a href=\"https:\/\/geozonamkt.com\/?p=1137\" >\n\t\t\t\t\u00bfLas empresas realmente hacen todo para generar tr\u00e1fico hacia sus sucursales?\t\t\t<\/a>\n\t\t<\/h3>\n\t\t\t\t<div class=\"elementor-post__excerpt\">\n\t\t\t<p>Parece ingenuo creer que las empresas no tienen estudiado todas las aristas de trabajo pero la realidad es que no, la mayor\u00eda se circunscriben a la l\u00f3gica y tendencias de la industria; dejando pasar as\u00ed, la oportunidad de agregar una ventaja competitiva a sus modelos de negocio y hacer m\u00e1s<\/p>\n\t\t<\/div>\n\t\t\n\t\t<a class=\"elementor-post__read-more\" href=\"https:\/\/geozonamkt.com\/?p=1137\" aria-label=\"Read more about \u00bfLas empresas realmente hacen todo para generar tr\u00e1fico hacia sus sucursales?\" tabindex=\"-1\" >\n\t\t\tLeer \u00bb\t\t<\/a>\n\n\t\t\t\t<\/div>\n\t\t\t\t<\/article>\n\t\t\t\t<article class=\"elementor-post elementor-grid-item post-21296 post type-post status-publish format-standard has-post-thumbnail hentry category-uncategorized\" role=\"listitem\">\n\t\t\t\t<div class=\"elementor-post__text\">\n\t\t\t\t<h3 class=\"elementor-post__title\">\n\t\t\t<a href=\"https:\/\/geozonamkt.com\/?p=21296\" >\n\t\t\t\tLa importancia de monitorear el entorno de tus sucursales.\t\t\t<\/a>\n\t\t<\/h3>\n\t\t\t\t<div class=\"elementor-post__excerpt\">\n\t\t\t<p>El \u00e9xito de un negocio con puntos de venta f\u00edsicos no solo depende de lo que sucede dentro de la tienda, sino tambi\u00e9n de lo que ocurre en su entorno inmediato. El entorno de una sucursal es un ecosistema din\u00e1mico que est\u00e1 en constante cambio, afectado por factores como nuevas<\/p>\n\t\t<\/div>\n\t\t\n\t\t<a class=\"elementor-post__read-more\" href=\"https:\/\/geozonamkt.com\/?p=21296\" aria-label=\"Read more about La importancia de monitorear el entorno de tus sucursales.\" tabindex=\"-1\" >\n\t\t\tLeer \u00bb\t\t<\/a>\n\n\t\t\t\t<\/div>\n\t\t\t\t<\/article>\n\t\t\t\t<article class=\"elementor-post elementor-grid-item post-21280 post type-post status-publish format-standard has-post-thumbnail hentry category-uncategorized\" role=\"listitem\">\n\t\t\t\t<div class=\"elementor-post__text\">\n\t\t\t\t<h3 class=\"elementor-post__title\">\n\t\t\t<a href=\"https:\/\/geozonamkt.com\/?p=21280\" >\n\t\t\t\tEl c\u00f3digo postal no basta: descubre el verdadero origen de tus clientes.\t\t\t<\/a>\n\t\t<\/h3>\n\t\t\t\t<div class=\"elementor-post__excerpt\">\n\t\t\t<p>En la actualidad, muchas empresas han comenzado a tomar conciencia de la importancia de entender de d\u00f3nde provienen sus clientes. Un paso com\u00fan en este proceso es solicitar a los clientes su c\u00f3digo postal al momento de realizar una compra. Aunque esta pr\u00e1ctica representa un avance significativo en la recopilaci\u00f3n<\/p>\n\t\t<\/div>\n\t\t\n\t\t<a class=\"elementor-post__read-more\" href=\"https:\/\/geozonamkt.com\/?p=21280\" aria-label=\"Read more about El c\u00f3digo postal no basta: descubre el verdadero origen de tus clientes.\" tabindex=\"-1\" >\n\t\t\tLeer \u00bb\t\t<\/a>\n\n\t\t\t\t<\/div>\n\t\t\t\t<\/article>\n\t\t\t\t<article class=\"elementor-post elementor-grid-item post-23579 post type-post status-publish format-standard has-post-thumbnail hentry category-uncategorized\" role=\"listitem\">\n\t\t\t\t<div class=\"elementor-post__text\">\n\t\t\t\t<h3 class=\"elementor-post__title\">\n\t\t\t<a href=\"https:\/\/geozonamkt.com\/?p=23579\" >\n\t\t\t\tLa generaci\u00f3n z y el renacimiento de los centros comerciales: un equilibrio entre lo digital y lo f\u00edsico.\t\t\t<\/a>\n\t\t<\/h3>\n\t\t\t\t<div class=\"elementor-post__excerpt\">\n\t\t\t<p>A pesar de los desaf\u00edos que han enfrentado los centros comerciales en los \u00faltimos a\u00f1os, lo que parec\u00eda ser el fin de los centros comerciales tradicionales est\u00e1 tomando un giro inesperado. En el video de CNBC &#8220;How Gen Z Is Reviving U.S. Shopping Malls&#8221;, se explica c\u00f3mo la Generaci\u00f3n Z<\/p>\n\t\t<\/div>\n\t\t\n\t\t<a class=\"elementor-post__read-more\" href=\"https:\/\/geozonamkt.com\/?p=23579\" aria-label=\"Read more about La generaci\u00f3n z y el renacimiento de los centros comerciales: un equilibrio entre lo digital y lo f\u00edsico.\" tabindex=\"-1\" >\n\t\t\tLeer \u00bb\t\t<\/a>\n\n\t\t\t\t<\/div>\n\t\t\t\t<\/article>\n\t\t\t\t<article class=\"elementor-post elementor-grid-item post-23233 post type-post status-publish format-standard has-post-thumbnail hentry category-uncategorized\" role=\"listitem\">\n\t\t\t\t<div class=\"elementor-post__text\">\n\t\t\t\t<h3 class=\"elementor-post__title\">\n\t\t\t<a href=\"https:\/\/geozonamkt.com\/?p=23233\" >\n\t\t\t\tEl engagement territorial y su impacto en la percepci\u00f3n de marca: el caso Tierra Garat.\t\t\t<\/a>\n\t\t<\/h3>\n\t\t\t\t<div class=\"elementor-post__excerpt\">\n\t\t\t<p>T\u00e9cnicamente, el Local Store Marketing se compone de dos estrategias clave: awareness y direct selling. Sin embargo, existe una tercera estrategia, menos utilizada en este tipo de marketing: el engagement. Este concepto, m\u00e1s com\u00fan en redes sociales, es clave para establecer una relaci\u00f3n cercana y efectiva entre la marca y<\/p>\n\t\t<\/div>\n\t\t\n\t\t<a class=\"elementor-post__read-more\" href=\"https:\/\/geozonamkt.com\/?p=23233\" aria-label=\"Read more about El engagement territorial y su impacto en la percepci\u00f3n de marca: el caso Tierra Garat.\" tabindex=\"-1\" >\n\t\t\tLeer \u00bb\t\t<\/a>\n\n\t\t\t\t<\/div>\n\t\t\t\t<\/article>\n\t\t\t\t<\/div>\n\t\t\n\t\t\t\t<div class=\"e-load-more-anchor\" data-page=\"1\" data-max-page=\"2\" data-next-page=\"https:\/\/geozonamkt.com\/index.php?rest_route=%2Fwp%2Fv2%2Fpages%2F490&#038;paged=2\"><\/div>\n\t\t\t\t<nav class=\"elementor-pagination\" aria-label=\"Pagination\">\n\t\t\t<span class=\"page-numbers prev\">&laquo; anterior<\/span>\n<a class=\"page-numbers next\" href=\"https:\/\/geozonamkt.com\/index.php?rest_route=%2Fwp%2Fv2%2Fpages%2F490&#038;paged=2\">siguiente &raquo;<\/a>\t\t<\/nav>\n\t\t\t\t\t\t<\/div>\n\t\t\t\t<\/div>\n\t\t\t\t\t<\/div>\n\t\t<\/div>\n\t\t\t\t\t<\/div>\n\t\t<\/section>\n\t\t\t\t<\/div>\n\t\t","protected":false},"excerpt":{"rendered":"<p>Posts An\u00e1lisis, casos y perspectivas sobre comercializaci\u00f3n territorial y puntos de venta.<\/p>\n","protected":false},"author":1,"featured_media":0,"parent":0,"menu_order":0,"comment_status":"closed","ping_status":"closed","template":"elementor_header_footer","meta":{"footnotes":""},"class_list":["post-490","page","type-page","status-publish","hentry"],"_links":{"self":[{"href":"https:\/\/geozonamkt.com\/index.php?rest_route=\/wp\/v2\/pages\/490","targetHints":{"allow":["GET"]}}],"collection":[{"href":"https:\/\/geozonamkt.com\/index.php?rest_route=\/wp\/v2\/pages"}],"about":[{"href":"https:\/\/geozonamkt.com\/index.php?rest_route=\/wp\/v2\/types\/page"}],"author":[{"embeddable":true,"href":"https:\/\/geozonamkt.com\/index.php?rest_route=\/wp\/v2\/users\/1"}],"replies":[{"embeddable":true,"href":"https:\/\/geozonamkt.com\/index.php?rest_route=%2Fwp%2Fv2%2Fcomments&post=490"}],"version-history":[{"count":440,"href":"https:\/\/geozonamkt.com\/index.php?rest_route=\/wp\/v2\/pages\/490\/revisions"}],"predecessor-version":[{"id":25579,"href":"https:\/\/geozonamkt.com\/index.php?rest_route=\/wp\/v2\/pages\/490\/revisions\/25579"}],"wp:attachment":[{"href":"https:\/\/geozonamkt.com\/index.php?rest_route=%2Fwp%2Fv2%2Fmedia&parent=490"}],"curies":[{"name":"wp","href":"https:\/\/api.w.org\/{rel}","templated":true}]}}